{"id":290,"date":"2024-09-20T16:28:49","date_gmt":"2024-09-20T14:28:49","guid":{"rendered":"https:\/\/map-dev.ch\/cornamusaz-backup\/?page_id=290"},"modified":"2024-10-15T11:11:25","modified_gmt":"2024-10-15T09:11:25","slug":"gestion-de-fondations","status":"publish","type":"page","link":"https:\/\/map-dev.ch\/cornamusaz-backup\/gestion-de-fondations\/","title":{"rendered":"Gestion de fondations"},"content":{"rendered":"<div class=\"wpb-content-wrapper\"><p>[vc_row full_width=\u00a0\u00bbstretch_row_content_no_spaces\u00a0\u00bb css=\u00a0\u00bb.vc_custom_1541752623167{margin-top: 0px !important;margin-right: 0px !important;margin-bottom: 0px !important;margin-left: 0px !important;border-top-width: 0px !important;border-right-width: 0px !important;border-bottom-width: 0px !important;border-left-width: 0px !important;padding-top: 0px !important;padding-right: 0px !important;padding-bottom: 0px !important;padding-left: 0px !important;}\u00a0\u00bb el_class=\u00a0\u00bbover9000&Prime;][vc_column css_animation=\u00a0\u00bbfadeIn\u00a0\u00bb css=\u00a0\u00bb.vc_custom_1538988133798{margin-top: 0px !important;margin-right: 0px !important;margin-bottom: 0px !important;margin-left: 0px !important;border-top-width: 0px !important;border-right-width: 0px !important;border-bottom-width: 0px !important;border-left-width: 0px !important;padding-top: 0px !important;padding-right: 0px !important;padding-bottom: 0px !important;padding-left: 0px !important;}\u00a0\u00bb][vc_single_image image=\u00a0\u00bb63&Prime; img_size=\u00a0\u00bbfull\u00a0\u00bb css=\u00a0\u00bb\u00a0\u00bb][\/vc_column][\/vc_row][vc_row][vc_column width=\u00a0\u00bb1\/2&Prime;][vc_empty_space height=\u00a0\u00bb50px\u00a0\u00bb][vc_column_text css=\u00a0\u00bb.vc_custom_1727864689914{margin-bottom: 20px !important;}\u00a0\u00bb]<\/p>\n<h1>Gestion de fondations<\/h1>\n<p>[\/vc_column_text][vc_empty_space height=\u00a0\u00bb50px\u00a0\u00bb][vc_column_text css=\u00a0\u00bb\u00a0\u00bb]Nous mettons \u00e0 votre disposition plus de 20 ans d\u2019exp\u00e9rience dans la gestion des actifs de fondations suisses, pour vous aider \u00e0 atteindre vos objectifs philanthropiques et financiers en toute s\u00e9r\u00e9nit\u00e9. En s\u2019assurant de respecter les principes du Swiss Foundations Code, nous vous accompagnons avec bienveillance et selon vos attentes \u00e9thiques et durables pour optimiser la gestion de vos actifs.[\/vc_column_text][\/vc_column][vc_column width=\u00a0\u00bb1\/2&Prime;][vc_single_image image=\u00a0\u00bb638&Prime; img_size=\u00a0\u00bb400&#215;554&Prime; alignment=\u00a0\u00bbcenter\u00a0\u00bb css=\u00a0\u00bb\u00a0\u00bb][\/vc_column][\/vc_row]<\/p>\n<\/div>","protected":false},"excerpt":{"rendered":"<p>[vc_row full_width=\u00a0\u00bbstretch_row_content_no_spaces\u00a0\u00bb css=\u00a0\u00bb.vc_custom_1541752623167{margin-top: 0px !important;margin-right: 0px !important;margin-bottom: 0px !important;margin-left: 0px !important;border-top-width: 0px !important;border-right-width: 0px !important;border-bottom-width: 0px !important;border-left-width: 0px !important;padding-top: 0px !important;padding-right: 0px !important;padding-bottom: 0px !important;padding-left: 0px !important;}\u00a0\u00bb el_class=\u00a0\u00bbover9000&Prime;][vc_column css_animation=\u00a0\u00bbfadeIn\u00a0\u00bb css=\u00a0\u00bb.vc_custom_1538988133798{margin-top: 0px !important;margin-right: 0px !important;margin-bottom: 0px !important;margin-left: 0px !important;border-top-width: 0px !important;border-right-width: 0px !important;border-bottom-width: 0px !important;border-left-width: 0px !important;padding-top: 0px !important;padding-right: 0px !important;padding-bottom: 0px !important;padding-left: 0px !important;}\u00a0\u00bb][vc_single_image image=\u00a0\u00bb63&Prime; [&hellip;]<\/p>\n","protected":false},"author":1,"featured_media":0,"parent":0,"menu_order":0,"comment_status":"closed","ping_status":"closed","template":"","meta":{"inline_featured_image":false,"iawp_total_views":28,"footnotes":""},"class_list":["post-290","page","type-page","status-publish","hentry"],"yoast_head":"<!-- This site is optimized with the Yoast SEO plugin v23.7 - https:\/\/yoast.com\/wordpress\/plugins\/seo\/ -->\n<title>Gestion de fondations | Cornamusaz Finance SA<\/title>\n<meta name=\"robots\" content=\"noindex, follow, max-snippet:-1, max-image-preview:large, max-video-preview:-1\" \/>\n<meta property=\"og:locale\" content=\"fr_FR\" \/>\n<meta property=\"og:type\" content=\"article\" \/>\n<meta property=\"og:title\" content=\"Gestion de fondations | Cornamusaz Finance SA\" \/>\n<meta property=\"og:description\" content=\"[vc_row full_width=\u00a0\u00bbstretch_row_content_no_spaces\u00a0\u00bb css=\u00a0\u00bb.vc_custom_1541752623167{margin-top: 0px !important;margin-right: 0px !important;margin-bottom: 0px !important;margin-left: 0px !important;border-top-width: 0px !important;border-right-width: 0px !important;border-bottom-width: 0px !important;border-left-width: 0px !important;padding-top: 0px !important;padding-right: 0px !important;padding-bottom: 0px !important;padding-left: 0px !important;}\u00a0\u00bb el_class=\u00a0\u00bbover9000&Prime;][vc_column css_animation=\u00a0\u00bbfadeIn\u00a0\u00bb css=\u00a0\u00bb.vc_custom_1538988133798{margin-top: 0px !important;margin-right: 0px !important;margin-bottom: 0px !important;margin-left: 0px !important;border-top-width: 0px !important;border-right-width: 0px !important;border-bottom-width: 0px !important;border-left-width: 0px !important;padding-top: 0px !important;padding-right: 0px !important;padding-bottom: 0px !important;padding-left: 0px !important;}\u00a0\u00bb][vc_single_image image=\u00a0\u00bb63&Prime; [&hellip;]\" \/>\n<meta property=\"og:url\" content=\"https:\/\/map-dev.ch\/cornamusaz-backup\/gestion-de-fondations\/\" \/>\n<meta property=\"og:site_name\" content=\"Cornamusaz Finance SA\" \/>\n<meta property=\"article:modified_time\" content=\"2024-10-15T09:11:25+00:00\" \/>\n<meta name=\"twitter:card\" content=\"summary_large_image\" \/>\n<meta name=\"twitter:label1\" content=\"Dur\u00e9e de lecture estim\u00e9e\" \/>\n\t<meta name=\"twitter:data1\" content=\"2 minutes\" \/>\n<script type=\"application\/ld+json\" class=\"yoast-schema-graph\">{\"@context\":\"https:\/\/schema.org\",\"@graph\":[{\"@type\":\"WebPage\",\"@id\":\"https:\/\/map-dev.ch\/cornamusaz-backup\/gestion-de-fondations\/\",\"url\":\"https:\/\/map-dev.ch\/cornamusaz-backup\/gestion-de-fondations\/\",\"name\":\"Gestion de fondations | Cornamusaz Finance SA\",\"isPartOf\":{\"@id\":\"https:\/\/map-dev.ch\/cornamusaz-backup\/#website\"},\"datePublished\":\"2024-09-20T14:28:49+00:00\",\"dateModified\":\"2024-10-15T09:11:25+00:00\",\"breadcrumb\":{\"@id\":\"https:\/\/map-dev.ch\/cornamusaz-backup\/gestion-de-fondations\/#breadcrumb\"},\"inLanguage\":\"fr-FR\",\"potentialAction\":[{\"@type\":\"ReadAction\",\"target\":[\"https:\/\/map-dev.ch\/cornamusaz-backup\/gestion-de-fondations\/\"]}]},{\"@type\":\"BreadcrumbList\",\"@id\":\"https:\/\/map-dev.ch\/cornamusaz-backup\/gestion-de-fondations\/#breadcrumb\",\"itemListElement\":[{\"@type\":\"ListItem\",\"position\":1,\"name\":\"Accueil\",\"item\":\"https:\/\/map-dev.ch\/cornamusaz-backup\/\"},{\"@type\":\"ListItem\",\"position\":2,\"name\":\"Gestion de fondations\"}]},{\"@type\":\"WebSite\",\"@id\":\"https:\/\/map-dev.ch\/cornamusaz-backup\/#website\",\"url\":\"https:\/\/map-dev.ch\/cornamusaz-backup\/\",\"name\":\"Cornamusaz Finance SA\",\"description\":\"Au service de nos clients\",\"publisher\":{\"@id\":\"https:\/\/map-dev.ch\/cornamusaz-backup\/#organization\"},\"potentialAction\":[{\"@type\":\"SearchAction\",\"target\":{\"@type\":\"EntryPoint\",\"urlTemplate\":\"https:\/\/map-dev.ch\/cornamusaz-backup\/?s={search_term_string}\"},\"query-input\":{\"@type\":\"PropertyValueSpecification\",\"valueRequired\":true,\"valueName\":\"search_term_string\"}}],\"inLanguage\":\"fr-FR\"},{\"@type\":\"Organization\",\"@id\":\"https:\/\/map-dev.ch\/cornamusaz-backup\/#organization\",\"name\":\"Cornamusaz Finance SA\",\"url\":\"https:\/\/map-dev.ch\/cornamusaz-backup\/\",\"logo\":{\"@type\":\"ImageObject\",\"inLanguage\":\"fr-FR\",\"@id\":\"https:\/\/map-dev.ch\/cornamusaz-backup\/#\/schema\/logo\/image\/\",\"url\":\"https:\/\/map-dev.ch\/cornamusaz-backup\/wp-content\/uploads\/2018\/10\/Cornamusaz_Logo_positif.svg\",\"contentUrl\":\"https:\/\/map-dev.ch\/cornamusaz-backup\/wp-content\/uploads\/2018\/10\/Cornamusaz_Logo_positif.svg\",\"caption\":\"Cornamusaz Finance SA\"},\"image\":{\"@id\":\"https:\/\/map-dev.ch\/cornamusaz-backup\/#\/schema\/logo\/image\/\"}}]}<\/script>\n<!-- \/ Yoast SEO plugin. -->","yoast_head_json":{"title":"Gestion de fondations | Cornamusaz Finance SA","robots":{"index":"noindex","follow":"follow","max-snippet":"max-snippet:-1","max-image-preview":"max-image-preview:large","max-video-preview":"max-video-preview:-1"},"og_locale":"fr_FR","og_type":"article","og_title":"Gestion de fondations | Cornamusaz Finance SA","og_description":"[vc_row full_width=\u00a0\u00bbstretch_row_content_no_spaces\u00a0\u00bb css=\u00a0\u00bb.vc_custom_1541752623167{margin-top: 0px !important;margin-right: 0px !important;margin-bottom: 0px !important;margin-left: 0px !important;border-top-width: 0px !important;border-right-width: 0px !important;border-bottom-width: 0px !important;border-left-width: 0px !important;padding-top: 0px !important;padding-right: 0px !important;padding-bottom: 0px !important;padding-left: 0px !important;}\u00a0\u00bb el_class=\u00a0\u00bbover9000&Prime;][vc_column css_animation=\u00a0\u00bbfadeIn\u00a0\u00bb css=\u00a0\u00bb.vc_custom_1538988133798{margin-top: 0px !important;margin-right: 0px !important;margin-bottom: 0px !important;margin-left: 0px !important;border-top-width: 0px !important;border-right-width: 0px !important;border-bottom-width: 0px !important;border-left-width: 0px !important;padding-top: 0px !important;padding-right: 0px !important;padding-bottom: 0px !important;padding-left: 0px !important;}\u00a0\u00bb][vc_single_image image=\u00a0\u00bb63&Prime; [&hellip;]","og_url":"https:\/\/map-dev.ch\/cornamusaz-backup\/gestion-de-fondations\/","og_site_name":"Cornamusaz Finance SA","article_modified_time":"2024-10-15T09:11:25+00:00","twitter_card":"summary_large_image","twitter_misc":{"Dur\u00e9e de lecture estim\u00e9e":"2 minutes"},"schema":{"@context":"https:\/\/schema.org","@graph":[{"@type":"WebPage","@id":"https:\/\/map-dev.ch\/cornamusaz-backup\/gestion-de-fondations\/","url":"https:\/\/map-dev.ch\/cornamusaz-backup\/gestion-de-fondations\/","name":"Gestion de fondations | Cornamusaz Finance SA","isPartOf":{"@id":"https:\/\/map-dev.ch\/cornamusaz-backup\/#website"},"datePublished":"2024-09-20T14:28:49+00:00","dateModified":"2024-10-15T09:11:25+00:00","breadcrumb":{"@id":"https:\/\/map-dev.ch\/cornamusaz-backup\/gestion-de-fondations\/#breadcrumb"},"inLanguage":"fr-FR","potentialAction":[{"@type":"ReadAction","target":["https:\/\/map-dev.ch\/cornamusaz-backup\/gestion-de-fondations\/"]}]},{"@type":"BreadcrumbList","@id":"https:\/\/map-dev.ch\/cornamusaz-backup\/gestion-de-fondations\/#breadcrumb","itemListElement":[{"@type":"ListItem","position":1,"name":"Accueil","item":"https:\/\/map-dev.ch\/cornamusaz-backup\/"},{"@type":"ListItem","position":2,"name":"Gestion de fondations"}]},{"@type":"WebSite","@id":"https:\/\/map-dev.ch\/cornamusaz-backup\/#website","url":"https:\/\/map-dev.ch\/cornamusaz-backup\/","name":"Cornamusaz Finance SA","description":"Au service de nos clients","publisher":{"@id":"https:\/\/map-dev.ch\/cornamusaz-backup\/#organization"},"potentialAction":[{"@type":"SearchAction","target":{"@type":"EntryPoint","urlTemplate":"https:\/\/map-dev.ch\/cornamusaz-backup\/?s={search_term_string}"},"query-input":{"@type":"PropertyValueSpecification","valueRequired":true,"valueName":"search_term_string"}}],"inLanguage":"fr-FR"},{"@type":"Organization","@id":"https:\/\/map-dev.ch\/cornamusaz-backup\/#organization","name":"Cornamusaz Finance SA","url":"https:\/\/map-dev.ch\/cornamusaz-backup\/","logo":{"@type":"ImageObject","inLanguage":"fr-FR","@id":"https:\/\/map-dev.ch\/cornamusaz-backup\/#\/schema\/logo\/image\/","url":"https:\/\/map-dev.ch\/cornamusaz-backup\/wp-content\/uploads\/2018\/10\/Cornamusaz_Logo_positif.svg","contentUrl":"https:\/\/map-dev.ch\/cornamusaz-backup\/wp-content\/uploads\/2018\/10\/Cornamusaz_Logo_positif.svg","caption":"Cornamusaz Finance SA"},"image":{"@id":"https:\/\/map-dev.ch\/cornamusaz-backup\/#\/schema\/logo\/image\/"}}]}},"_links":{"self":[{"href":"https:\/\/map-dev.ch\/cornamusaz-backup\/wp-json\/wp\/v2\/pages\/290"}],"collection":[{"href":"https:\/\/map-dev.ch\/cornamusaz-backup\/wp-json\/wp\/v2\/pages"}],"about":[{"href":"https:\/\/map-dev.ch\/cornamusaz-backup\/wp-json\/wp\/v2\/types\/page"}],"author":[{"embeddable":true,"href":"https:\/\/map-dev.ch\/cornamusaz-backup\/wp-json\/wp\/v2\/users\/1"}],"replies":[{"embeddable":true,"href":"https:\/\/map-dev.ch\/cornamusaz-backup\/wp-json\/wp\/v2\/comments?post=290"}],"version-history":[{"count":42,"href":"https:\/\/map-dev.ch\/cornamusaz-backup\/wp-json\/wp\/v2\/pages\/290\/revisions"}],"predecessor-version":[{"id":698,"href":"https:\/\/map-dev.ch\/cornamusaz-backup\/wp-json\/wp\/v2\/pages\/290\/revisions\/698"}],"wp:attachment":[{"href":"https:\/\/map-dev.ch\/cornamusaz-backup\/wp-json\/wp\/v2\/media?parent=290"}],"curies":[{"name":"wp","href":"https:\/\/api.w.org\/{rel}","templated":true}]}}