{"id":14,"date":"2018-10-03T11:32:54","date_gmt":"2018-10-03T09:32:54","guid":{"rendered":"https:\/\/map-dev.ch\/cornamusaz-backup\/?page_id=14"},"modified":"2024-10-15T11:11:50","modified_gmt":"2024-10-15T09:11:50","slug":"gestion-de-fortune-privee","status":"publish","type":"page","link":"https:\/\/map-dev.ch\/cornamusaz-backup\/gestion-de-fortune-privee\/","title":{"rendered":"Gestion de fortune priv\u00e9e"},"content":{"rendered":"<div class=\"wpb-content-wrapper\"><p>[vc_row full_width=\u00a0\u00bbstretch_row_content_no_spaces\u00a0\u00bb css=\u00a0\u00bb.vc_custom_1541752623167{margin-top: 0px !important;margin-right: 0px !important;margin-bottom: 0px !important;margin-left: 0px !important;border-top-width: 0px !important;border-right-width: 0px !important;border-bottom-width: 0px !important;border-left-width: 0px !important;padding-top: 0px !important;padding-right: 0px !important;padding-bottom: 0px !important;padding-left: 0px !important;}\u00a0\u00bb el_class=\u00a0\u00bbover9000&Prime;][vc_column css_animation=\u00a0\u00bbfadeIn\u00a0\u00bb css=\u00a0\u00bb.vc_custom_1538988133798{margin-top: 0px !important;margin-right: 0px !important;margin-bottom: 0px !important;margin-left: 0px !important;border-top-width: 0px !important;border-right-width: 0px !important;border-bottom-width: 0px !important;border-left-width: 0px !important;padding-top: 0px !important;padding-right: 0px !important;padding-bottom: 0px !important;padding-left: 0px !important;}\u00a0\u00bb][vc_single_image image=\u00a0\u00bb63&Prime; img_size=\u00a0\u00bbfull\u00a0\u00bb css=\u00a0\u00bb\u00a0\u00bb][\/vc_column][\/vc_row][vc_row css_animation=\u00a0\u00bbfadeInLeft\u00a0\u00bb][vc_column][vc_column_text css=\u00a0\u00bb.vc_custom_1727864628448{margin-bottom: 20px !important;}\u00a0\u00bb]<\/p>\n<h1>Gestion de fortune priv\u00e9e<\/h1>\n<p>[\/vc_column_text][\/vc_column][\/vc_row][vc_row css_animation=\u00a0\u00bbnone\u00a0\u00bb][vc_column css_animation=\u00a0\u00bbfadeInLeft\u00a0\u00bb width=\u00a0\u00bb2\/3&Prime;][vc_column_text css=\u00a0\u00bb\u00a0\u00bb]<\/p>\n<h2>Nos services<\/h2>\n<p>[\/vc_column_text][vc_row_inner][vc_column_inner width=\u00a0\u00bb1\/3&Prime;][vc_column_text el_id=\u00a0\u00bbgestionportefeuille\u00a0\u00bb]Gestion de portefeuille[\/vc_column_text][\/vc_column_inner][vc_column_inner width=\u00a0\u00bb7\/12&Prime;][vc_column_text]Depuis 30 ans nous g\u00e9rons avec succ\u00e8s les portefeuilles bancaires de nos clients. Nous \u00e9laborons une strat\u00e9gie globale et d\u00e9finissons un profil d\u2019investissement personnalis\u00e9 pour chaque client.[\/vc_column_text][\/vc_column_inner][vc_column_inner width=\u00a0\u00bb1\/12&Prime;][\/vc_column_inner][\/vc_row_inner][vc_row_inner el_class=\u00a0\u00bbforh4&Prime;][vc_column_inner width=\u00a0\u00bb1\/2&Prime;][\/vc_column_inner][vc_column_inner width=\u00a0\u00bb1\/2&Prime; css=\u00a0\u00bb.vc_custom_1538659760522{margin-top: 20px !important;border-left-width: 2px !important;padding-top: 0px !important;padding-bottom: 0px !important;border-left-color: #2e3a47 !important;border-left-style: solid !important;}\u00a0\u00bb][vc_column_text css=\u00a0\u00bb.vc_custom_1727790429879{margin-top: 0px !important;margin-right: 0px !important;margin-bottom: 0px !important;margin-left: 0px !important;border-top-width: 0px !important;border-right-width: 0px !important;border-bottom-width: 0px !important;border-left-width: 0px !important;padding-top: 0px !important;padding-right: 0px !important;padding-bottom: 0px !important;padding-left: 15px !important;}\u00a0\u00bb el_class=\u00a0\u00bbissmaller\u00a0\u00bb]<\/p>\n<h4>Confort<\/h4>\n<h4>Strat\u00e9gie<\/h4>\n<h4>Confiance<\/h4>\n<h4>Succ\u00e8s<\/h4>\n<h4>Fiabilit\u00e9<\/h4>\n<p>[\/vc_column_text][\/vc_column_inner][\/vc_row_inner][vc_empty_space height=\u00a0\u00bb100px\u00a0\u00bb el_class=\u00a0\u00bbtohideMobile\u00a0\u00bb][\/vc_column][vc_column css_animation=\u00a0\u00bbfadeInRight\u00a0\u00bb width=\u00a0\u00bb1\/3&Prime; css=\u00a0\u00bb.vc_custom_1538987913901{padding-left: 0px !important;}\u00a0\u00bb][vc_single_image image=\u00a0\u00bb153&Prime; img_size=\u00a0\u00bbfull\u00a0\u00bb alignment=\u00a0\u00bbcenter\u00a0\u00bb onclick=\u00a0\u00bbcustom_link\u00a0\u00bb img_link_target=\u00a0\u00bb_blank\u00a0\u00bb link=\u00a0\u00bbhttps:\/\/map-dev.ch\/cornamusaz-backup\/presentation\/\u00a0\u00bb][\/vc_column][\/vc_row][vc_row css_animation=\u00a0\u00bbfadeInUp\u00a0\u00bb][vc_column css_animation=\u00a0\u00bbnone\u00a0\u00bb width=\u00a0\u00bb2\/3&Prime;][vc_row_inner][vc_column_inner width=\u00a0\u00bb1\/3&Prime;][vc_column_text el_id=\u00a0\u00bbconseilfiscal\u00a0\u00bb]Conseil fiscal[\/vc_column_text][\/vc_column_inner][vc_column_inner width=\u00a0\u00bb7\/12&Prime;][vc_column_text]Pour nos clients domicili\u00e9s en Suisse un conseil fiscal global est propos\u00e9, allant de l\u2019\u00e9valuation \u00e0 long terme jusqu\u2019\u00e0 la d\u00e9claration d\u2019imp\u00f4t.[\/vc_column_text][\/vc_column_inner][vc_column_inner width=\u00a0\u00bb1\/12&Prime;][\/vc_column_inner][\/vc_row_inner][vc_empty_space height=\u00a0\u00bb60px\u00a0\u00bb][\/vc_column][vc_column css_animation=\u00a0\u00bbfadeInRight\u00a0\u00bb width=\u00a0\u00bb1\/3&Prime; css=\u00a0\u00bb.vc_custom_1538987913901{padding-left: 0px !important;}\u00a0\u00bb][\/vc_column][\/vc_row][vc_row css_animation=\u00a0\u00bbfadeInUp\u00a0\u00bb][vc_column css_animation=\u00a0\u00bbnone\u00a0\u00bb width=\u00a0\u00bb2\/3&Prime;][vc_row_inner][vc_column_inner width=\u00a0\u00bb1\/3&Prime;][vc_column_text el_id=\u00a0\u00bbconseilglobal\u00a0\u00bb]Conseil global[\/vc_column_text][\/vc_column_inner][vc_column_inner width=\u00a0\u00bb7\/12&Prime;][vc_column_text]Un outil sp\u00e9cifique nous permet d\u2019int\u00e9grer les diff\u00e9rents actifs qui constituent votre patrimoine (d\u00e9p\u00f4ts bancaires, immobilier d\u2019habitation ou de rendement, entreprise) afin de vous offrir une vue globale.[\/vc_column_text][vc_empty_space height=\u00a0\u00bb60px\u00a0\u00bb][vc_column_text]Nous travaillons en \u00e9troite collaboration\u00a0avec de nombreuses banques partenaires.[\/vc_column_text][\/vc_column_inner][vc_column_inner width=\u00a0\u00bb1\/12&Prime;][\/vc_column_inner][\/vc_row_inner][vc_empty_space height=\u00a0\u00bb60px\u00a0\u00bb][\/vc_column][vc_column css_animation=\u00a0\u00bbfadeInRight\u00a0\u00bb width=\u00a0\u00bb1\/3&Prime; css=\u00a0\u00bb.vc_custom_1538987913901{padding-left: 0px !important;}\u00a0\u00bb][\/vc_column][\/vc_row]<\/p>\n<\/div>","protected":false},"excerpt":{"rendered":"<p>[vc_row full_width=\u00a0\u00bbstretch_row_content_no_spaces\u00a0\u00bb css=\u00a0\u00bb.vc_custom_1541752623167{margin-top: 0px !important;margin-right: 0px !important;margin-bottom: 0px !important;margin-left: 0px !important;border-top-width: 0px !important;border-right-width: 0px !important;border-bottom-width: 0px !important;border-left-width: 0px !important;padding-top: 0px !important;padding-right: 0px !important;padding-bottom: 0px !important;padding-left: 0px !important;}\u00a0\u00bb el_class=\u00a0\u00bbover9000&Prime;][vc_column css_animation=\u00a0\u00bbfadeIn\u00a0\u00bb css=\u00a0\u00bb.vc_custom_1538988133798{margin-top: 0px !important;margin-right: 0px !important;margin-bottom: 0px !important;margin-left: 0px !important;border-top-width: 0px !important;border-right-width: 0px !important;border-bottom-width: 0px !important;border-left-width: 0px !important;padding-top: 0px !important;padding-right: 0px !important;padding-bottom: 0px !important;padding-left: 0px !important;}\u00a0\u00bb][vc_single_image image=\u00a0\u00bb63&Prime; [&hellip;]<\/p>\n","protected":false},"author":1,"featured_media":0,"parent":0,"menu_order":0,"comment_status":"closed","ping_status":"closed","template":"","meta":{"inline_featured_image":false,"iawp_total_views":34,"footnotes":""},"class_list":["post-14","page","type-page","status-publish","hentry"],"yoast_head":"<!-- This site is optimized with the Yoast SEO plugin v23.7 - https:\/\/yoast.com\/wordpress\/plugins\/seo\/ -->\n<title>Gestion de fortune priv\u00e9e | Cornamusaz Finance SA<\/title>\n<meta name=\"robots\" content=\"noindex, follow, max-snippet:-1, max-image-preview:large, max-video-preview:-1\" \/>\n<meta property=\"og:locale\" content=\"fr_FR\" \/>\n<meta property=\"og:type\" content=\"article\" \/>\n<meta property=\"og:title\" content=\"Gestion de fortune priv\u00e9e | Cornamusaz Finance SA\" \/>\n<meta property=\"og:description\" content=\"[vc_row full_width=\u00a0\u00bbstretch_row_content_no_spaces\u00a0\u00bb css=\u00a0\u00bb.vc_custom_1541752623167{margin-top: 0px !important;margin-right: 0px !important;margin-bottom: 0px !important;margin-left: 0px !important;border-top-width: 0px !important;border-right-width: 0px !important;border-bottom-width: 0px !important;border-left-width: 0px !important;padding-top: 0px !important;padding-right: 0px !important;padding-bottom: 0px !important;padding-left: 0px !important;}\u00a0\u00bb el_class=\u00a0\u00bbover9000&Prime;][vc_column css_animation=\u00a0\u00bbfadeIn\u00a0\u00bb css=\u00a0\u00bb.vc_custom_1538988133798{margin-top: 0px !important;margin-right: 0px !important;margin-bottom: 0px !important;margin-left: 0px !important;border-top-width: 0px !important;border-right-width: 0px !important;border-bottom-width: 0px !important;border-left-width: 0px !important;padding-top: 0px !important;padding-right: 0px !important;padding-bottom: 0px !important;padding-left: 0px !important;}\u00a0\u00bb][vc_single_image image=\u00a0\u00bb63&Prime; [&hellip;]\" \/>\n<meta property=\"og:url\" content=\"https:\/\/map-dev.ch\/cornamusaz-backup\/gestion-de-fortune-privee\/\" \/>\n<meta property=\"og:site_name\" content=\"Cornamusaz Finance SA\" \/>\n<meta property=\"article:modified_time\" content=\"2024-10-15T09:11:50+00:00\" \/>\n<meta name=\"twitter:card\" content=\"summary_large_image\" \/>\n<meta name=\"twitter:label1\" content=\"Dur\u00e9e de lecture estim\u00e9e\" \/>\n\t<meta name=\"twitter:data1\" content=\"3 minutes\" \/>\n<script type=\"application\/ld+json\" class=\"yoast-schema-graph\">{\"@context\":\"https:\/\/schema.org\",\"@graph\":[{\"@type\":\"WebPage\",\"@id\":\"https:\/\/map-dev.ch\/cornamusaz-backup\/gestion-de-fortune-privee\/\",\"url\":\"https:\/\/map-dev.ch\/cornamusaz-backup\/gestion-de-fortune-privee\/\",\"name\":\"Gestion de fortune priv\u00e9e | Cornamusaz Finance SA\",\"isPartOf\":{\"@id\":\"https:\/\/map-dev.ch\/cornamusaz-backup\/#website\"},\"datePublished\":\"2018-10-03T09:32:54+00:00\",\"dateModified\":\"2024-10-15T09:11:50+00:00\",\"breadcrumb\":{\"@id\":\"https:\/\/map-dev.ch\/cornamusaz-backup\/gestion-de-fortune-privee\/#breadcrumb\"},\"inLanguage\":\"fr-FR\",\"potentialAction\":[{\"@type\":\"ReadAction\",\"target\":[\"https:\/\/map-dev.ch\/cornamusaz-backup\/gestion-de-fortune-privee\/\"]}]},{\"@type\":\"BreadcrumbList\",\"@id\":\"https:\/\/map-dev.ch\/cornamusaz-backup\/gestion-de-fortune-privee\/#breadcrumb\",\"itemListElement\":[{\"@type\":\"ListItem\",\"position\":1,\"name\":\"Accueil\",\"item\":\"https:\/\/map-dev.ch\/cornamusaz-backup\/\"},{\"@type\":\"ListItem\",\"position\":2,\"name\":\"Gestion de fortune priv\u00e9e\"}]},{\"@type\":\"WebSite\",\"@id\":\"https:\/\/map-dev.ch\/cornamusaz-backup\/#website\",\"url\":\"https:\/\/map-dev.ch\/cornamusaz-backup\/\",\"name\":\"Cornamusaz Finance SA\",\"description\":\"Au service de nos clients\",\"publisher\":{\"@id\":\"https:\/\/map-dev.ch\/cornamusaz-backup\/#organization\"},\"potentialAction\":[{\"@type\":\"SearchAction\",\"target\":{\"@type\":\"EntryPoint\",\"urlTemplate\":\"https:\/\/map-dev.ch\/cornamusaz-backup\/?s={search_term_string}\"},\"query-input\":{\"@type\":\"PropertyValueSpecification\",\"valueRequired\":true,\"valueName\":\"search_term_string\"}}],\"inLanguage\":\"fr-FR\"},{\"@type\":\"Organization\",\"@id\":\"https:\/\/map-dev.ch\/cornamusaz-backup\/#organization\",\"name\":\"Cornamusaz Finance SA\",\"url\":\"https:\/\/map-dev.ch\/cornamusaz-backup\/\",\"logo\":{\"@type\":\"ImageObject\",\"inLanguage\":\"fr-FR\",\"@id\":\"https:\/\/map-dev.ch\/cornamusaz-backup\/#\/schema\/logo\/image\/\",\"url\":\"https:\/\/map-dev.ch\/cornamusaz-backup\/wp-content\/uploads\/2018\/10\/Cornamusaz_Logo_positif.svg\",\"contentUrl\":\"https:\/\/map-dev.ch\/cornamusaz-backup\/wp-content\/uploads\/2018\/10\/Cornamusaz_Logo_positif.svg\",\"caption\":\"Cornamusaz Finance SA\"},\"image\":{\"@id\":\"https:\/\/map-dev.ch\/cornamusaz-backup\/#\/schema\/logo\/image\/\"}}]}<\/script>\n<!-- \/ Yoast SEO plugin. -->","yoast_head_json":{"title":"Gestion de fortune priv\u00e9e | Cornamusaz Finance SA","robots":{"index":"noindex","follow":"follow","max-snippet":"max-snippet:-1","max-image-preview":"max-image-preview:large","max-video-preview":"max-video-preview:-1"},"og_locale":"fr_FR","og_type":"article","og_title":"Gestion de fortune priv\u00e9e | Cornamusaz Finance SA","og_description":"[vc_row full_width=\u00a0\u00bbstretch_row_content_no_spaces\u00a0\u00bb css=\u00a0\u00bb.vc_custom_1541752623167{margin-top: 0px !important;margin-right: 0px !important;margin-bottom: 0px !important;margin-left: 0px !important;border-top-width: 0px !important;border-right-width: 0px !important;border-bottom-width: 0px !important;border-left-width: 0px !important;padding-top: 0px !important;padding-right: 0px !important;padding-bottom: 0px !important;padding-left: 0px !important;}\u00a0\u00bb el_class=\u00a0\u00bbover9000&Prime;][vc_column css_animation=\u00a0\u00bbfadeIn\u00a0\u00bb css=\u00a0\u00bb.vc_custom_1538988133798{margin-top: 0px !important;margin-right: 0px !important;margin-bottom: 0px !important;margin-left: 0px !important;border-top-width: 0px !important;border-right-width: 0px !important;border-bottom-width: 0px !important;border-left-width: 0px !important;padding-top: 0px !important;padding-right: 0px !important;padding-bottom: 0px !important;padding-left: 0px !important;}\u00a0\u00bb][vc_single_image image=\u00a0\u00bb63&Prime; [&hellip;]","og_url":"https:\/\/map-dev.ch\/cornamusaz-backup\/gestion-de-fortune-privee\/","og_site_name":"Cornamusaz Finance SA","article_modified_time":"2024-10-15T09:11:50+00:00","twitter_card":"summary_large_image","twitter_misc":{"Dur\u00e9e de lecture estim\u00e9e":"3 minutes"},"schema":{"@context":"https:\/\/schema.org","@graph":[{"@type":"WebPage","@id":"https:\/\/map-dev.ch\/cornamusaz-backup\/gestion-de-fortune-privee\/","url":"https:\/\/map-dev.ch\/cornamusaz-backup\/gestion-de-fortune-privee\/","name":"Gestion de fortune priv\u00e9e | Cornamusaz Finance SA","isPartOf":{"@id":"https:\/\/map-dev.ch\/cornamusaz-backup\/#website"},"datePublished":"2018-10-03T09:32:54+00:00","dateModified":"2024-10-15T09:11:50+00:00","breadcrumb":{"@id":"https:\/\/map-dev.ch\/cornamusaz-backup\/gestion-de-fortune-privee\/#breadcrumb"},"inLanguage":"fr-FR","potentialAction":[{"@type":"ReadAction","target":["https:\/\/map-dev.ch\/cornamusaz-backup\/gestion-de-fortune-privee\/"]}]},{"@type":"BreadcrumbList","@id":"https:\/\/map-dev.ch\/cornamusaz-backup\/gestion-de-fortune-privee\/#breadcrumb","itemListElement":[{"@type":"ListItem","position":1,"name":"Accueil","item":"https:\/\/map-dev.ch\/cornamusaz-backup\/"},{"@type":"ListItem","position":2,"name":"Gestion de fortune priv\u00e9e"}]},{"@type":"WebSite","@id":"https:\/\/map-dev.ch\/cornamusaz-backup\/#website","url":"https:\/\/map-dev.ch\/cornamusaz-backup\/","name":"Cornamusaz Finance SA","description":"Au service de nos clients","publisher":{"@id":"https:\/\/map-dev.ch\/cornamusaz-backup\/#organization"},"potentialAction":[{"@type":"SearchAction","target":{"@type":"EntryPoint","urlTemplate":"https:\/\/map-dev.ch\/cornamusaz-backup\/?s={search_term_string}"},"query-input":{"@type":"PropertyValueSpecification","valueRequired":true,"valueName":"search_term_string"}}],"inLanguage":"fr-FR"},{"@type":"Organization","@id":"https:\/\/map-dev.ch\/cornamusaz-backup\/#organization","name":"Cornamusaz Finance SA","url":"https:\/\/map-dev.ch\/cornamusaz-backup\/","logo":{"@type":"ImageObject","inLanguage":"fr-FR","@id":"https:\/\/map-dev.ch\/cornamusaz-backup\/#\/schema\/logo\/image\/","url":"https:\/\/map-dev.ch\/cornamusaz-backup\/wp-content\/uploads\/2018\/10\/Cornamusaz_Logo_positif.svg","contentUrl":"https:\/\/map-dev.ch\/cornamusaz-backup\/wp-content\/uploads\/2018\/10\/Cornamusaz_Logo_positif.svg","caption":"Cornamusaz Finance SA"},"image":{"@id":"https:\/\/map-dev.ch\/cornamusaz-backup\/#\/schema\/logo\/image\/"}}]}},"_links":{"self":[{"href":"https:\/\/map-dev.ch\/cornamusaz-backup\/wp-json\/wp\/v2\/pages\/14"}],"collection":[{"href":"https:\/\/map-dev.ch\/cornamusaz-backup\/wp-json\/wp\/v2\/pages"}],"about":[{"href":"https:\/\/map-dev.ch\/cornamusaz-backup\/wp-json\/wp\/v2\/types\/page"}],"author":[{"embeddable":true,"href":"https:\/\/map-dev.ch\/cornamusaz-backup\/wp-json\/wp\/v2\/users\/1"}],"replies":[{"embeddable":true,"href":"https:\/\/map-dev.ch\/cornamusaz-backup\/wp-json\/wp\/v2\/comments?post=14"}],"version-history":[{"count":68,"href":"https:\/\/map-dev.ch\/cornamusaz-backup\/wp-json\/wp\/v2\/pages\/14\/revisions"}],"predecessor-version":[{"id":699,"href":"https:\/\/map-dev.ch\/cornamusaz-backup\/wp-json\/wp\/v2\/pages\/14\/revisions\/699"}],"wp:attachment":[{"href":"https:\/\/map-dev.ch\/cornamusaz-backup\/wp-json\/wp\/v2\/media?parent=14"}],"curies":[{"name":"wp","href":"https:\/\/api.w.org\/{rel}","templated":true}]}}