{"id":12,"date":"2018-10-03T11:32:46","date_gmt":"2018-10-03T09:32:46","guid":{"rendered":"https:\/\/map-dev.ch\/cornamusaz-backup\/?page_id=12"},"modified":"2024-10-22T10:56:07","modified_gmt":"2024-10-22T08:56:07","slug":"presentation","status":"publish","type":"page","link":"https:\/\/map-dev.ch\/cornamusaz-backup\/presentation\/","title":{"rendered":"Pr\u00e9sentation"},"content":{"rendered":"<div class=\"wpb-content-wrapper\"><p>[vc_row full_width=\u00a0\u00bbstretch_row_content_no_spaces\u00a0\u00bb css=\u00a0\u00bb.vc_custom_1541752623167{margin-top: 0px !important;margin-right: 0px !important;margin-bottom: 0px !important;margin-left: 0px !important;border-top-width: 0px !important;border-right-width: 0px !important;border-bottom-width: 0px !important;border-left-width: 0px !important;padding-top: 0px !important;padding-right: 0px !important;padding-bottom: 0px !important;padding-left: 0px !important;}\u00a0\u00bb el_class=\u00a0\u00bbover9000&Prime;][vc_column css_animation=\u00a0\u00bbfadeIn\u00a0\u00bb css=\u00a0\u00bb.vc_custom_1538988133798{margin-top: 0px !important;margin-right: 0px !important;margin-bottom: 0px !important;margin-left: 0px !important;border-top-width: 0px !important;border-right-width: 0px !important;border-bottom-width: 0px !important;border-left-width: 0px !important;padding-top: 0px !important;padding-right: 0px !important;padding-bottom: 0px !important;padding-left: 0px !important;}\u00a0\u00bb][vc_single_image image=\u00a0\u00bb63&Prime; img_size=\u00a0\u00bbfull\u00a0\u00bb css=\u00a0\u00bb\u00a0\u00bb][\/vc_column][\/vc_row][vc_row css_animation=\u00a0\u00bbfadeInLeft\u00a0\u00bb][vc_column][vc_column_text css=\u00a0\u00bb.vc_custom_1540799118629{margin-bottom: 20px !important;}\u00a0\u00bb]<\/p>\n<h1>Pr\u00e9sentation<\/h1>\n<p>[\/vc_column_text][\/vc_column][\/vc_row][vc_row css_animation=\u00a0\u00bbnone\u00a0\u00bb][vc_column css_animation=\u00a0\u00bbfadeInLeft\u00a0\u00bb width=\u00a0\u00bb3\/4&Prime;][vc_row_inner][vc_column_inner width=\u00a0\u00bb1\/3&Prime;][vc_column_text]Julien Cornamusaz[\/vc_column_text][\/vc_column_inner][vc_column_inner width=\u00a0\u00bb7\/12&Prime;][vc_column_text css=\u00a0\u00bb\u00a0\u00bb]Neveu de Fran\u00e7ois, licenci\u00e9 HEC en 2000, expert f\u00e9d\u00e9ral dipl\u00f4m\u00e9 en finance, Julien Cornamusaz a construit une carri\u00e8re dans une grande banque Suisse \u00e0 Gen\u00e8ve. Orient\u00e9 service, a une bonne capacit\u00e9 \u00e0 offrir une vue globale du patrimoine au client.[\/vc_column_text][\/vc_column_inner][vc_column_inner width=\u00a0\u00bb1\/12&Prime;][\/vc_column_inner][\/vc_row_inner][vc_empty_space height=\u00a0\u00bb100px\u00a0\u00bb el_class=\u00a0\u00bbtohideMobile\u00a0\u00bb][\/vc_column][vc_column css_animation=\u00a0\u00bbfadeInRight\u00a0\u00bb width=\u00a0\u00bb1\/4&Prime; css=\u00a0\u00bb.vc_custom_1540800188726{padding-left: 0px !important;}\u00a0\u00bb][vc_single_image image=\u00a0\u00bb669&Prime; img_size=\u00a0\u00bbfull\u00a0\u00bb alignment=\u00a0\u00bbcenter\u00a0\u00bb css=\u00a0\u00bb\u00a0\u00bb][\/vc_column][\/vc_row][vc_row css_animation=\u00a0\u00bbnone\u00a0\u00bb][vc_column css_animation=\u00a0\u00bbfadeInLeft\u00a0\u00bb width=\u00a0\u00bb3\/4&Prime;][vc_row_inner][vc_column_inner width=\u00a0\u00bb1\/3&Prime;][vc_column_text css=\u00a0\u00bb\u00a0\u00bb]Evan Meylan[\/vc_column_text][\/vc_column_inner][vc_column_inner width=\u00a0\u00bb7\/12&Prime;][vc_column_text css=\u00a0\u00bb\u00a0\u00bb]Etudiant \u00e0 l&rsquo;Ecole H\u00f4teli\u00e8re de Lausanne, Evan \u00e0 rejoint l&rsquo;entreprise en Juillet 2024, il apporte son exp\u00e9rience dans le domaine de l&rsquo;hospitalit\u00e9 \u00e0 l&rsquo;entreprise tout en assistant Julien dans les t\u00e2ches quotidiennes.[\/vc_column_text][\/vc_column_inner][vc_column_inner width=\u00a0\u00bb1\/12&Prime;][\/vc_column_inner][\/vc_row_inner][vc_empty_space height=\u00a0\u00bb100px\u00a0\u00bb el_class=\u00a0\u00bbtohideMobile\u00a0\u00bb][\/vc_column][vc_column css_animation=\u00a0\u00bbfadeInRight\u00a0\u00bb width=\u00a0\u00bb1\/4&Prime; css=\u00a0\u00bb.vc_custom_1540800188726{padding-left: 0px !important;}\u00a0\u00bb][vc_single_image image=\u00a0\u00bb668&Prime; img_size=\u00a0\u00bbfull\u00a0\u00bb alignment=\u00a0\u00bbcenter\u00a0\u00bb css=\u00a0\u00bb\u00a0\u00bb][\/vc_column][\/vc_row][vc_row css_animation=\u00a0\u00bbnone\u00a0\u00bb][vc_column css_animation=\u00a0\u00bbfadeInLeft\u00a0\u00bb width=\u00a0\u00bb3\/4&Prime;][vc_row_inner][vc_column_inner width=\u00a0\u00bb1\/3&Prime;][vc_column_text]Fran\u00e7ois Cornamusaz[\/vc_column_text][\/vc_column_inner][vc_column_inner width=\u00a0\u00bb7\/12&Prime;][vc_column_text]De formation bancaire, actif depuis plus de 50 ans dans ce domaine, Fran\u00e7ois Cornamusaz a d\u00e9but\u00e9 son activit\u00e9 ind\u00e9pendante en 1987 sur la place St-Fran\u00e7ois. Expert du march\u00e9 des actions suisses et tr\u00e8s impliqu\u00e9 dans le bassin l\u00e9manique.[\/vc_column_text][\/vc_column_inner][vc_column_inner width=\u00a0\u00bb1\/12&Prime;][\/vc_column_inner][\/vc_row_inner][vc_empty_space height=\u00a0\u00bb100px\u00a0\u00bb el_class=\u00a0\u00bbtohideMobile\u00a0\u00bb][\/vc_column][vc_column css_animation=\u00a0\u00bbfadeInRight\u00a0\u00bb width=\u00a0\u00bb1\/4&Prime; css=\u00a0\u00bb.vc_custom_1538987913901{padding-left: 0px !important;}\u00a0\u00bb][vc_single_image image=\u00a0\u00bb177&Prime; img_size=\u00a0\u00bbfull\u00a0\u00bb alignment=\u00a0\u00bbcenter\u00a0\u00bb css=\u00a0\u00bb\u00a0\u00bb][\/vc_column][\/vc_row]<\/p>\n<\/div>","protected":false},"excerpt":{"rendered":"<p>[vc_row full_width=\u00a0\u00bbstretch_row_content_no_spaces\u00a0\u00bb css=\u00a0\u00bb.vc_custom_1541752623167{margin-top: 0px !important;margin-right: 0px !important;margin-bottom: 0px !important;margin-left: 0px !important;border-top-width: 0px !important;border-right-width: 0px !important;border-bottom-width: 0px !important;border-left-width: 0px !important;padding-top: 0px !important;padding-right: 0px !important;padding-bottom: 0px !important;padding-left: 0px !important;}\u00a0\u00bb el_class=\u00a0\u00bbover9000&Prime;][vc_column css_animation=\u00a0\u00bbfadeIn\u00a0\u00bb css=\u00a0\u00bb.vc_custom_1538988133798{margin-top: 0px !important;margin-right: 0px !important;margin-bottom: 0px !important;margin-left: 0px !important;border-top-width: 0px !important;border-right-width: 0px !important;border-bottom-width: 0px !important;border-left-width: 0px !important;padding-top: 0px !important;padding-right: 0px !important;padding-bottom: 0px !important;padding-left: 0px !important;}\u00a0\u00bb][vc_single_image image=\u00a0\u00bb63&Prime; [&hellip;]<\/p>\n","protected":false},"author":1,"featured_media":0,"parent":0,"menu_order":0,"comment_status":"closed","ping_status":"closed","template":"","meta":{"inline_featured_image":false,"iawp_total_views":38,"footnotes":""},"class_list":["post-12","page","type-page","status-publish","hentry"],"yoast_head":"<!-- This site is optimized with the Yoast SEO plugin v23.7 - https:\/\/yoast.com\/wordpress\/plugins\/seo\/ -->\n<title>Pr\u00e9sentation | Cornamusaz Finance SA<\/title>\n<meta name=\"robots\" content=\"noindex, follow, max-snippet:-1, max-image-preview:large, max-video-preview:-1\" \/>\n<meta property=\"og:locale\" content=\"fr_FR\" \/>\n<meta property=\"og:type\" content=\"article\" \/>\n<meta property=\"og:title\" content=\"Pr\u00e9sentation | Cornamusaz Finance SA\" \/>\n<meta property=\"og:description\" content=\"[vc_row full_width=\u00a0\u00bbstretch_row_content_no_spaces\u00a0\u00bb css=\u00a0\u00bb.vc_custom_1541752623167{margin-top: 0px !important;margin-right: 0px !important;margin-bottom: 0px !important;margin-left: 0px !important;border-top-width: 0px !important;border-right-width: 0px !important;border-bottom-width: 0px !important;border-left-width: 0px !important;padding-top: 0px !important;padding-right: 0px !important;padding-bottom: 0px !important;padding-left: 0px !important;}\u00a0\u00bb el_class=\u00a0\u00bbover9000&Prime;][vc_column css_animation=\u00a0\u00bbfadeIn\u00a0\u00bb css=\u00a0\u00bb.vc_custom_1538988133798{margin-top: 0px !important;margin-right: 0px !important;margin-bottom: 0px !important;margin-left: 0px !important;border-top-width: 0px !important;border-right-width: 0px !important;border-bottom-width: 0px !important;border-left-width: 0px !important;padding-top: 0px !important;padding-right: 0px !important;padding-bottom: 0px !important;padding-left: 0px !important;}\u00a0\u00bb][vc_single_image image=\u00a0\u00bb63&Prime; [&hellip;]\" \/>\n<meta property=\"og:url\" content=\"https:\/\/map-dev.ch\/cornamusaz-backup\/presentation\/\" \/>\n<meta property=\"og:site_name\" content=\"Cornamusaz Finance SA\" \/>\n<meta property=\"article:modified_time\" content=\"2024-10-22T08:56:07+00:00\" \/>\n<meta name=\"twitter:card\" content=\"summary_large_image\" \/>\n<meta name=\"twitter:label1\" content=\"Dur\u00e9e de lecture estim\u00e9e\" \/>\n\t<meta name=\"twitter:data1\" content=\"3 minutes\" \/>\n<script type=\"application\/ld+json\" class=\"yoast-schema-graph\">{\"@context\":\"https:\/\/schema.org\",\"@graph\":[{\"@type\":\"WebPage\",\"@id\":\"https:\/\/map-dev.ch\/cornamusaz-backup\/presentation\/\",\"url\":\"https:\/\/map-dev.ch\/cornamusaz-backup\/presentation\/\",\"name\":\"Pr\u00e9sentation | Cornamusaz Finance SA\",\"isPartOf\":{\"@id\":\"https:\/\/map-dev.ch\/cornamusaz-backup\/#website\"},\"datePublished\":\"2018-10-03T09:32:46+00:00\",\"dateModified\":\"2024-10-22T08:56:07+00:00\",\"breadcrumb\":{\"@id\":\"https:\/\/map-dev.ch\/cornamusaz-backup\/presentation\/#breadcrumb\"},\"inLanguage\":\"fr-FR\",\"potentialAction\":[{\"@type\":\"ReadAction\",\"target\":[\"https:\/\/map-dev.ch\/cornamusaz-backup\/presentation\/\"]}]},{\"@type\":\"BreadcrumbList\",\"@id\":\"https:\/\/map-dev.ch\/cornamusaz-backup\/presentation\/#breadcrumb\",\"itemListElement\":[{\"@type\":\"ListItem\",\"position\":1,\"name\":\"Accueil\",\"item\":\"https:\/\/map-dev.ch\/cornamusaz-backup\/\"},{\"@type\":\"ListItem\",\"position\":2,\"name\":\"Pr\u00e9sentation\"}]},{\"@type\":\"WebSite\",\"@id\":\"https:\/\/map-dev.ch\/cornamusaz-backup\/#website\",\"url\":\"https:\/\/map-dev.ch\/cornamusaz-backup\/\",\"name\":\"Cornamusaz Finance SA\",\"description\":\"Au service de nos clients\",\"publisher\":{\"@id\":\"https:\/\/map-dev.ch\/cornamusaz-backup\/#organization\"},\"potentialAction\":[{\"@type\":\"SearchAction\",\"target\":{\"@type\":\"EntryPoint\",\"urlTemplate\":\"https:\/\/map-dev.ch\/cornamusaz-backup\/?s={search_term_string}\"},\"query-input\":{\"@type\":\"PropertyValueSpecification\",\"valueRequired\":true,\"valueName\":\"search_term_string\"}}],\"inLanguage\":\"fr-FR\"},{\"@type\":\"Organization\",\"@id\":\"https:\/\/map-dev.ch\/cornamusaz-backup\/#organization\",\"name\":\"Cornamusaz Finance SA\",\"url\":\"https:\/\/map-dev.ch\/cornamusaz-backup\/\",\"logo\":{\"@type\":\"ImageObject\",\"inLanguage\":\"fr-FR\",\"@id\":\"https:\/\/map-dev.ch\/cornamusaz-backup\/#\/schema\/logo\/image\/\",\"url\":\"https:\/\/map-dev.ch\/cornamusaz-backup\/wp-content\/uploads\/2018\/10\/Cornamusaz_Logo_positif.svg\",\"contentUrl\":\"https:\/\/map-dev.ch\/cornamusaz-backup\/wp-content\/uploads\/2018\/10\/Cornamusaz_Logo_positif.svg\",\"caption\":\"Cornamusaz Finance SA\"},\"image\":{\"@id\":\"https:\/\/map-dev.ch\/cornamusaz-backup\/#\/schema\/logo\/image\/\"}}]}<\/script>\n<!-- \/ Yoast SEO plugin. -->","yoast_head_json":{"title":"Pr\u00e9sentation | Cornamusaz Finance SA","robots":{"index":"noindex","follow":"follow","max-snippet":"max-snippet:-1","max-image-preview":"max-image-preview:large","max-video-preview":"max-video-preview:-1"},"og_locale":"fr_FR","og_type":"article","og_title":"Pr\u00e9sentation | Cornamusaz Finance SA","og_description":"[vc_row full_width=\u00a0\u00bbstretch_row_content_no_spaces\u00a0\u00bb css=\u00a0\u00bb.vc_custom_1541752623167{margin-top: 0px !important;margin-right: 0px !important;margin-bottom: 0px !important;margin-left: 0px !important;border-top-width: 0px !important;border-right-width: 0px !important;border-bottom-width: 0px !important;border-left-width: 0px !important;padding-top: 0px !important;padding-right: 0px !important;padding-bottom: 0px !important;padding-left: 0px !important;}\u00a0\u00bb el_class=\u00a0\u00bbover9000&Prime;][vc_column css_animation=\u00a0\u00bbfadeIn\u00a0\u00bb css=\u00a0\u00bb.vc_custom_1538988133798{margin-top: 0px !important;margin-right: 0px !important;margin-bottom: 0px !important;margin-left: 0px !important;border-top-width: 0px !important;border-right-width: 0px !important;border-bottom-width: 0px !important;border-left-width: 0px !important;padding-top: 0px !important;padding-right: 0px !important;padding-bottom: 0px !important;padding-left: 0px !important;}\u00a0\u00bb][vc_single_image image=\u00a0\u00bb63&Prime; [&hellip;]","og_url":"https:\/\/map-dev.ch\/cornamusaz-backup\/presentation\/","og_site_name":"Cornamusaz Finance SA","article_modified_time":"2024-10-22T08:56:07+00:00","twitter_card":"summary_large_image","twitter_misc":{"Dur\u00e9e de lecture estim\u00e9e":"3 minutes"},"schema":{"@context":"https:\/\/schema.org","@graph":[{"@type":"WebPage","@id":"https:\/\/map-dev.ch\/cornamusaz-backup\/presentation\/","url":"https:\/\/map-dev.ch\/cornamusaz-backup\/presentation\/","name":"Pr\u00e9sentation | Cornamusaz Finance SA","isPartOf":{"@id":"https:\/\/map-dev.ch\/cornamusaz-backup\/#website"},"datePublished":"2018-10-03T09:32:46+00:00","dateModified":"2024-10-22T08:56:07+00:00","breadcrumb":{"@id":"https:\/\/map-dev.ch\/cornamusaz-backup\/presentation\/#breadcrumb"},"inLanguage":"fr-FR","potentialAction":[{"@type":"ReadAction","target":["https:\/\/map-dev.ch\/cornamusaz-backup\/presentation\/"]}]},{"@type":"BreadcrumbList","@id":"https:\/\/map-dev.ch\/cornamusaz-backup\/presentation\/#breadcrumb","itemListElement":[{"@type":"ListItem","position":1,"name":"Accueil","item":"https:\/\/map-dev.ch\/cornamusaz-backup\/"},{"@type":"ListItem","position":2,"name":"Pr\u00e9sentation"}]},{"@type":"WebSite","@id":"https:\/\/map-dev.ch\/cornamusaz-backup\/#website","url":"https:\/\/map-dev.ch\/cornamusaz-backup\/","name":"Cornamusaz Finance SA","description":"Au service de nos clients","publisher":{"@id":"https:\/\/map-dev.ch\/cornamusaz-backup\/#organization"},"potentialAction":[{"@type":"SearchAction","target":{"@type":"EntryPoint","urlTemplate":"https:\/\/map-dev.ch\/cornamusaz-backup\/?s={search_term_string}"},"query-input":{"@type":"PropertyValueSpecification","valueRequired":true,"valueName":"search_term_string"}}],"inLanguage":"fr-FR"},{"@type":"Organization","@id":"https:\/\/map-dev.ch\/cornamusaz-backup\/#organization","name":"Cornamusaz Finance SA","url":"https:\/\/map-dev.ch\/cornamusaz-backup\/","logo":{"@type":"ImageObject","inLanguage":"fr-FR","@id":"https:\/\/map-dev.ch\/cornamusaz-backup\/#\/schema\/logo\/image\/","url":"https:\/\/map-dev.ch\/cornamusaz-backup\/wp-content\/uploads\/2018\/10\/Cornamusaz_Logo_positif.svg","contentUrl":"https:\/\/map-dev.ch\/cornamusaz-backup\/wp-content\/uploads\/2018\/10\/Cornamusaz_Logo_positif.svg","caption":"Cornamusaz Finance SA"},"image":{"@id":"https:\/\/map-dev.ch\/cornamusaz-backup\/#\/schema\/logo\/image\/"}}]}},"_links":{"self":[{"href":"https:\/\/map-dev.ch\/cornamusaz-backup\/wp-json\/wp\/v2\/pages\/12"}],"collection":[{"href":"https:\/\/map-dev.ch\/cornamusaz-backup\/wp-json\/wp\/v2\/pages"}],"about":[{"href":"https:\/\/map-dev.ch\/cornamusaz-backup\/wp-json\/wp\/v2\/types\/page"}],"author":[{"embeddable":true,"href":"https:\/\/map-dev.ch\/cornamusaz-backup\/wp-json\/wp\/v2\/users\/1"}],"replies":[{"embeddable":true,"href":"https:\/\/map-dev.ch\/cornamusaz-backup\/wp-json\/wp\/v2\/comments?post=12"}],"version-history":[{"count":27,"href":"https:\/\/map-dev.ch\/cornamusaz-backup\/wp-json\/wp\/v2\/pages\/12\/revisions"}],"predecessor-version":[{"id":779,"href":"https:\/\/map-dev.ch\/cornamusaz-backup\/wp-json\/wp\/v2\/pages\/12\/revisions\/779"}],"wp:attachment":[{"href":"https:\/\/map-dev.ch\/cornamusaz-backup\/wp-json\/wp\/v2\/media?parent=12"}],"curies":[{"name":"wp","href":"https:\/\/api.w.org\/{rel}","templated":true}]}}