{"id":10,"date":"2018-10-03T11:32:37","date_gmt":"2018-10-03T09:32:37","guid":{"rendered":"https:\/\/map-dev.ch\/cornamusaz-backup\/?page_id=10"},"modified":"2024-10-15T10:40:49","modified_gmt":"2024-10-15T08:40:49","slug":"home-page","status":"publish","type":"page","link":"https:\/\/map-dev.ch\/cornamusaz-backup\/","title":{"rendered":"Home page"},"content":{"rendered":"<div class=\"wpb-content-wrapper\"><p>[vc_row full_width=\u00a0\u00bbstretch_row_content\u00a0\u00bb][vc_column width=\u00a0\u00bb1\/2&Prime; css=\u00a0\u00bb.vc_custom_1727872016402{padding-bottom: 20px !important;}\u00a0\u00bb][vc_row_inner equal_height=\u00a0\u00bbyes\u00a0\u00bb content_placement=\u00a0\u00bbmiddle\u00a0\u00bb css=\u00a0\u00bb.vc_custom_1727871913118{background-color: #FFFFFF !important;}\u00a0\u00bb][vc_column_inner el_class=\u00a0\u00bbbanner\u00a0\u00bb css=\u00a0\u00bb.vc_custom_1728554762050{background-image: url(https:\/\/map-dev.ch\/cornamusaz-backup\/wp-content\/uploads\/2024\/10\/ville.jpg?id=660) !important;background-position: center !important;background-repeat: no-repeat !important;background-size: cover !important;}\u00a0\u00bb el_id=\u00a0\u00bbbackground-resize\u00a0\u00bb][info_banner_vc text_padding=\u00a0\u00bb\u00a0\u00bb use_theme_fonts=\u00a0\u00bbyes\u00a0\u00bb border_style=\u00a0\u00bb2px solid #283745&Prime; btn_text=\u00a0\u00bbNos services\u00a0\u00bb btn_bg=\u00a0\u00bb#283745&Prime; css=\u00a0\u00bb.vc_custom_1727786083686{margin-right: 50px !important;margin-bottom: 50px !important;margin-left: 50px !important;padding-top: 25px !important;padding-right: 25px !important;padding-bottom: 25px !important;padding-left: 25px !important;background-color: #FFFFFFCC !important;}\u00a0\u00bb btn_clr=\u00a0\u00bb#FFFFFF\u00a0\u00bb url=\u00a0\u00bburl:https%3A%2F%2Fmap-dev.ch%2Fcornamusaz-backup%2Fgestion-de-fortune-privee%2F|title:Gestion%20de%20fortune%20priv%C3%A9e\u00a0\u00bb classname=\u00a0\u00bbinfo\u00a0\u00bb btn_hvrclr=\u00a0\u00bb#283745&Prime; btn_hvrbg=\u00a0\u00bb#FFFFFF\u00a0\u00bb]<\/p>\n<h1 style=\"font-size: 30px; margin-bottom: 20px;\">Gestion de fortune priv\u00e9e<\/h1>\n<p>[\/info_banner_vc][\/vc_column_inner][\/vc_row_inner][\/vc_column][vc_column width=\u00a0\u00bb1\/2&Prime;][vc_row_inner equal_height=\u00a0\u00bbyes\u00a0\u00bb content_placement=\u00a0\u00bbmiddle\u00a0\u00bb css=\u00a0\u00bb.vc_custom_1727871924767{background-color: #FFFFFF !important;}\u00a0\u00bb][vc_column_inner el_class=\u00a0\u00bbbanner\u00a0\u00bb css=\u00a0\u00bb.vc_custom_1728555548874{background-image: url(https:\/\/map-dev.ch\/cornamusaz-backup\/wp-content\/uploads\/2024\/10\/cathedrale-1.jpg?id=662) !important;background-position: center !important;background-repeat: no-repeat !important;background-size: cover !important;}\u00a0\u00bb el_id=\u00a0\u00bbbackground\u00a0\u00bb][info_banner_vc img_padding=\u00a0\u00bb\u00a0\u00bb text_padding=\u00a0\u00bb\u00a0\u00bb use_theme_fonts=\u00a0\u00bbyes\u00a0\u00bb border_style=\u00a0\u00bb2px solid #283745&Prime; btn_text=\u00a0\u00bbEn savoir plus\u00a0\u00bb btn_bg=\u00a0\u00bb#283745&Prime; css=\u00a0\u00bb.vc_custom_1727786061516{margin-right: 50px !important;margin-bottom: 50px !important;margin-left: 50px !important;padding-top: 25px !important;padding-right: 25px !important;padding-bottom: 25px !important;padding-left: 25px !important;background-color: #FFFFFFCC !important;}\u00a0\u00bb btn_clr=\u00a0\u00bb#FFFFFF\u00a0\u00bb url=\u00a0\u00bburl:https%3A%2F%2Fmap-dev.ch%2Fcornamusaz-backup%2Fgestion-de-fondations%2F|title:Gestion%20priv%C3%A9e%2C%20nos%20services\u00a0\u00bb classname=\u00a0\u00bbinfo\u00a0\u00bb btn_hvrclr=\u00a0\u00bb#283745&Prime; btn_hvrbg=\u00a0\u00bb#FFFFFF\u00a0\u00bb]<\/p>\n<h1 style=\"font-size: 30px; margin-bottom: 20px;\">Gestion de fondations<\/h1>\n<p>[\/info_banner_vc][\/vc_column_inner][\/vc_row_inner][\/vc_column][\/vc_row][vc_row css_animation=\u00a0\u00bbfadeInLeft\u00a0\u00bb][vc_column][vc_empty_space height=\u00a0\u00bb100px\u00a0\u00bb][vc_column_text css=\u00a0\u00bb.vc_custom_1538647018495{margin-bottom: 20px !important;}\u00a0\u00bb]<\/p>\n<h1>QUI SOMMES-NOUS ?<\/h1>\n<p>[\/vc_column_text][\/vc_column][\/vc_row][vc_row][vc_column css_animation=\u00a0\u00bbfadeInLeft\u00a0\u00bb width=\u00a0\u00bb1\/2&Prime;][vc_row_inner][vc_column_inner width=\u00a0\u00bb5\/6&Prime;][vc_column_text css=\u00a0\u00bb\u00a0\u00bb]Fran\u00e7ois Cornamusaz a d\u00e9but\u00e9 son activit\u00e9 ind\u00e9pendante en 1987 sur la place St-Fran\u00e7ois.<\/p>\n<p>Julien Cornamusaz, son neveu, a construit une carri\u00e8re dans une grande banque Suisse \u00e0 Gen\u00e8ve.<\/p>\n<p>En 2008, les deux d\u00e9cident de s&rsquo;associer et de cr\u00e9er la SA, dont ils sont uniques administrateurs et actionnaires.<br \/>\nEvan rejoint l&rsquo;entreprise en 2024 en tant qu&rsquo;assistant de gestion stagiaire, il assiste Julien dans les t\u00e2ches quotidiennes et contribue \u00e0 la gestion des fondations.<\/p>\n<p><a href=\"https:\/\/map-dev.ch\/cornamusaz-backup\/presentation\/\" rel=\"noopener\">en savoir +<\/a>[\/vc_column_text][\/vc_column_inner][vc_column_inner width=\u00a0\u00bb1\/6&Prime;][\/vc_column_inner][\/vc_row_inner][vc_row_inner el_class=\u00a0\u00bbforh4&Prime;][vc_column_inner width=\u00a0\u00bb1\/4&Prime;][\/vc_column_inner][vc_column_inner width=\u00a0\u00bb1\/2&Prime; css=\u00a0\u00bb.vc_custom_1538654581693{margin-top: 20px !important;border-left-width: 3px !important;padding-top: 10px !important;padding-bottom: 7px !important;border-left-color: #2e3a47 !important;border-left-style: solid !important;}\u00a0\u00bb][vc_column_text css=\u00a0\u00bb.vc_custom_1727678194061{margin-top: 0px !important;margin-right: 0px !important;margin-bottom: 0px !important;margin-left: 0px !important;border-top-width: 0px !important;border-right-width: 0px !important;border-bottom-width: 0px !important;border-left-width: 0px !important;padding-top: 0px !important;padding-right: 0px !important;padding-bottom: 0px !important;padding-left: 15px !important;}\u00a0\u00bb el_class=\u00a0\u00bbliste\u00a0\u00bb]<\/p>\n<h4>Proximit\u00e9<\/h4>\n<h4>Qualit\u00e9<\/h4>\n<h4>Flexibilit\u00e9<\/h4>\n<h4>Rigueur<\/h4>\n<h4>Fiabilit\u00e9<\/h4>\n<p>[\/vc_column_text][\/vc_column_inner][vc_column_inner width=\u00a0\u00bb1\/4&Prime;][\/vc_column_inner][\/vc_row_inner][\/vc_column][vc_column css_animation=\u00a0\u00bbfadeInRight\u00a0\u00bb width=\u00a0\u00bb1\/2&Prime; css=\u00a0\u00bb.vc_custom_1538987730352{padding-left: 0px !important;}\u00a0\u00bb][vc_single_image image=\u00a0\u00bb621&Prime; img_size=\u00a0\u00bb400&#215;554&Prime; alignment=\u00a0\u00bbcenter\u00a0\u00bb css=\u00a0\u00bb\u00a0\u00bb][\/vc_column][\/vc_row][vc_row el_class=\u00a0\u00bbtohideMobile\u00a0\u00bb][vc_column][vc_empty_space height=\u00a0\u00bb50px\u00a0\u00bb][\/vc_column][\/vc_row][vc_row el_class=\u00a0\u00bbfortreeblock\u00a0\u00bb][vc_column width=\u00a0\u00bb1\/3&Prime; offset=\u00a0\u00bbvc_hidden-xs\u00a0\u00bb][vc_single_image image=\u00a0\u00bb636&Prime; img_size=\u00a0\u00bbfull\u00a0\u00bb alignment=\u00a0\u00bbcenter\u00a0\u00bb css=\u00a0\u00bb\u00a0\u00bb][\/vc_column][vc_column width=\u00a0\u00bb2\/3&Prime;][vc_row_inner][vc_column_inner width=\u00a0\u00bb3\/12&Prime;][vc_column_text css=\u00a0\u00bb\u00a0\u00bb]<\/p>\n<h2>Exp\u00e9rience<\/h2>\n<p>[\/vc_column_text][\/vc_column_inner][vc_column_inner width=\u00a0\u00bb3\/12&Prime;][\/vc_column_inner][vc_column_inner width=\u00a0\u00bb6\/12&Prime;][vc_column_text css=\u00a0\u00bb\u00a0\u00bb]30 ans d&rsquo;exp\u00e9rience au service de nos clients.[\/vc_column_text][\/vc_column_inner][\/vc_row_inner][vc_row_inner][vc_column_inner width=\u00a0\u00bb3\/12&Prime;][vc_column_text css=\u00a0\u00bb\u00a0\u00bb]<\/p>\n<h2 style=\"text-align: left;\">Expertise<\/h2>\n<p>[\/vc_column_text][\/vc_column_inner][vc_column_inner width=\u00a0\u00bb3\/12&Prime;][\/vc_column_inner][vc_column_inner width=\u00a0\u00bb6\/12&Prime;][vc_column_text css=\u00a0\u00bb\u00a0\u00bb]Votre partenaire romand pour la gestion de votre patrimoine.[\/vc_column_text][\/vc_column_inner][\/vc_row_inner][\/vc_column][\/vc_row][vc_row el_class=\u00a0\u00bbtohideMobile\u00a0\u00bb][vc_column][vc_empty_space height=\u00a0\u00bb50px\u00a0\u00bb][vc_column_text css=\u00a0\u00bb.vc_custom_1727787725806{margin-bottom: 20px !important;}\u00a0\u00bb]<\/p>\n<h2>Nos services<\/h2>\n<p>[\/vc_column_text][vc_empty_space height=\u00a0\u00bb50px\u00a0\u00bb][\/vc_column][\/vc_row][vc_row css_animation=\u00a0\u00bbfadeInUp\u00a0\u00bb el_class=\u00a0\u00bbfortreeblock\u00a0\u00bb][vc_column css_animation=\u00a0\u00bbnone\u00a0\u00bb width=\u00a0\u00bb1\/4&Prime;]<div class=\"ih-item\" >\n    <a class=\"taphover\"  href=\"https:\/\/map-dev.ch\/cornamusaz-backup\/gestion-de-fortune-privee\/\" target=\"\"> \n          \n      <div class=\"img\">\n        <img decoding=\"async\" class=\"responsiveimage\" src=\"https:\/\/map-dev.ch\/cornamusaz-backup\/wp-content\/uploads\/2024\/10\/bns-lausanne.jpg\" alt=\"img\">\n        <hr width=\"40\" size=\"5\" noshade>\n\n        <div class=\"captionImgHover\">\n            <h3>Gestion de fortune<\/h3>\n            \n            <div class=\"info-container\" >\n                <div class=\"info\">\n                  <p style=\"text-align: center;\">Exp\u00e9rience et performance<\/p>\n                <\/div>\n            <\/div>\n            \n        <\/div>\n\n      <\/div>\n      \n    <\/a>\n<\/div>[\/vc_column][vc_column width=\u00a0\u00bb1\/4&Prime;]<div class=\"ih-item\" >\n    <a class=\"taphover\"  href=\"https:\/\/map-dev.ch\/cornamusaz-backup\/gestion-de-fortune-privee\/\" target=\"\"> \n          \n      <div class=\"img\">\n        <img decoding=\"async\" class=\"responsiveimage\" src=\"https:\/\/map-dev.ch\/cornamusaz-backup\/wp-content\/uploads\/2024\/10\/palud.jpg\" alt=\"img\">\n        <hr width=\"40\" size=\"5\" noshade>\n\n        <div class=\"captionImgHover\">\n            <h3>Conseil fiscal<\/h3>\n            \n            <div class=\"info-container\" >\n                <div class=\"info\">\n                  <p style=\"text-align: center;\">Optimisation et d\u00e9claration<\/p>\n                <\/div>\n            <\/div>\n            \n        <\/div>\n\n      <\/div>\n      \n    <\/a>\n<\/div>[\/vc_column][vc_column width=\u00a0\u00bb1\/4&Prime;]<div class=\"ih-item\" >\n    <a class=\"taphover\"  href=\"https:\/\/map-dev.ch\/cornamusaz-backup\/gestion-de-fortune-privee\/\" target=\"\"> \n          \n      <div class=\"img\">\n        <img decoding=\"async\" class=\"responsiveimage\" src=\"https:\/\/map-dev.ch\/cornamusaz-backup\/wp-content\/uploads\/2024\/10\/lac-cgn.jpg\" alt=\"img\">\n        <hr width=\"40\" size=\"5\" noshade>\n\n        <div class=\"captionImgHover\">\n            <h3>Conseil global<\/h3>\n            \n            <div class=\"info-container\" >\n                <div class=\"info\">\n                  <p style=\"text-align: center;\">Vue d&rsquo;ensemble de votre patrimoine expertis\u00e9 par nos soins<\/p>\n                <\/div>\n            <\/div>\n            \n        <\/div>\n\n      <\/div>\n      \n    <\/a>\n<\/div>[\/vc_column][vc_column width=\u00a0\u00bb1\/4&Prime;]<div class=\"ih-item\" >\n    <a class=\"taphover\"  href=\"https:\/\/map-dev.ch\/cornamusaz-backup\/gestion-de-fondations\/\" target=\"\"> \n    <div class=\"spinner\"><\/div>      \n      <div class=\"img\">\n        <img decoding=\"async\" class=\"responsiveimage\" src=\"https:\/\/map-dev.ch\/cornamusaz-backup\/wp-content\/uploads\/2024\/10\/cathedrale.jpg\" alt=\"img\">\n        <hr width=\"40\" size=\"5\" noshade>\n\n        <div class=\"captionImgHover\">\n            <h3>Gestion de fondations<\/h3>\n            \n            <div class=\"info-container\" >\n                <div class=\"info\">\n                  <p style=\"text-align: center;\">Atteindre vos objectifs philanthropiques et financiers en toute s\u00e9r\u00e9nit\u00e9<\/p>\n                <\/div>\n            <\/div>\n            \n        <\/div>\n\n      <\/div>\n      \n    <\/a>\n<\/div>[\/vc_column][\/vc_row][vc_row css_animation=\u00a0\u00bbfadeInUp\u00a0\u00bb el_class=\u00a0\u00bbfortreeblock\u00a0\u00bb][vc_column css_animation=\u00a0\u00bbnone\u00a0\u00bb width=\u00a0\u00bb1\/2&Prime;][\/vc_column][vc_column width=\u00a0\u00bb1\/2&Prime;][\/vc_column][\/vc_row][vc_row][vc_column][vc_empty_space height=\u00a0\u00bb50px\u00a0\u00bb][\/vc_column][\/vc_row]<\/p>\n<\/div>","protected":false},"excerpt":{"rendered":"<p>[vc_row full_width=\u00a0\u00bbstretch_row_content\u00a0\u00bb][vc_column width=\u00a0\u00bb1\/2&Prime; css=\u00a0\u00bb.vc_custom_1727872016402{padding-bottom: 20px !important;}\u00a0\u00bb][vc_row_inner equal_height=\u00a0\u00bbyes\u00a0\u00bb content_placement=\u00a0\u00bbmiddle\u00a0\u00bb css=\u00a0\u00bb.vc_custom_1727871913118{background-color: #FFFFFF !important;}\u00a0\u00bb][vc_column_inner el_class=\u00a0\u00bbbanner\u00a0\u00bb css=\u00a0\u00bb.vc_custom_1728554762050{background-image: url(https:\/\/map-dev.ch\/cornamusaz-backup\/wp-content\/uploads\/2024\/10\/ville.jpg?id=660) !important;background-position: center !important;background-repeat: no-repeat !important;background-size: cover !important;}\u00a0\u00bb el_id=\u00a0\u00bbbackground-resize\u00a0\u00bb][info_banner_vc text_padding=\u00a0\u00bb\u00a0\u00bb use_theme_fonts=\u00a0\u00bbyes\u00a0\u00bb border_style=\u00a0\u00bb2px solid #283745&Prime; btn_text=\u00a0\u00bbNos services\u00a0\u00bb btn_bg=\u00a0\u00bb#283745&Prime; css=\u00a0\u00bb.vc_custom_1727786083686{margin-right: 50px !important;margin-bottom: 50px !important;margin-left: 50px !important;padding-top: 25px !important;padding-right: 25px !important;padding-bottom: 25px !important;padding-left: 25px !important;background-color: #FFFFFFCC !important;}\u00a0\u00bb btn_clr=\u00a0\u00bb#FFFFFF\u00a0\u00bb url=\u00a0\u00bburl:https%3A%2F%2Fmap-dev.ch%2Fcornamusaz-backup%2Fgestion-de-fortune-privee%2F|title:Gestion%20de%20fortune%20priv%C3%A9e\u00a0\u00bb classname=\u00a0\u00bbinfo\u00a0\u00bb btn_hvrclr=\u00a0\u00bb#283745&Prime; btn_hvrbg=\u00a0\u00bb#FFFFFF\u00a0\u00bb] Gestion de fortune [&hellip;]<\/p>\n","protected":false},"author":1,"featured_media":0,"parent":0,"menu_order":0,"comment_status":"closed","ping_status":"closed","template":"","meta":{"inline_featured_image":false,"iawp_total_views":75,"footnotes":""},"class_list":["post-10","page","type-page","status-publish","hentry"],"yoast_head":"<!-- This site is optimized with the Yoast SEO plugin v23.7 - https:\/\/yoast.com\/wordpress\/plugins\/seo\/ -->\n<title>Home page | Cornamusaz Finance SA<\/title>\n<meta name=\"robots\" content=\"noindex, follow, max-snippet:-1, max-image-preview:large, max-video-preview:-1\" \/>\n<meta property=\"og:locale\" content=\"fr_FR\" \/>\n<meta property=\"og:type\" content=\"article\" \/>\n<meta property=\"og:title\" content=\"Home page | Cornamusaz Finance SA\" \/>\n<meta property=\"og:description\" content=\"[vc_row full_width=\u00a0\u00bbstretch_row_content\u00a0\u00bb][vc_column width=\u00a0\u00bb1\/2&Prime; css=\u00a0\u00bb.vc_custom_1727872016402{padding-bottom: 20px !important;}\u00a0\u00bb][vc_row_inner equal_height=\u00a0\u00bbyes\u00a0\u00bb content_placement=\u00a0\u00bbmiddle\u00a0\u00bb css=\u00a0\u00bb.vc_custom_1727871913118{background-color: #FFFFFF !important;}\u00a0\u00bb][vc_column_inner el_class=\u00a0\u00bbbanner\u00a0\u00bb css=\u00a0\u00bb.vc_custom_1728554762050{background-image: url(https:\/\/map-dev.ch\/cornamusaz-backup\/wp-content\/uploads\/2024\/10\/ville.jpg?id=660) !important;background-position: center !important;background-repeat: no-repeat !important;background-size: cover !important;}\u00a0\u00bb el_id=\u00a0\u00bbbackground-resize\u00a0\u00bb][info_banner_vc text_padding=\u00a0\u00bb\u00a0\u00bb use_theme_fonts=\u00a0\u00bbyes\u00a0\u00bb border_style=\u00a0\u00bb2px solid #283745&Prime; btn_text=\u00a0\u00bbNos services\u00a0\u00bb btn_bg=\u00a0\u00bb#283745&Prime; css=\u00a0\u00bb.vc_custom_1727786083686{margin-right: 50px !important;margin-bottom: 50px !important;margin-left: 50px !important;padding-top: 25px !important;padding-right: 25px !important;padding-bottom: 25px !important;padding-left: 25px !important;background-color: #FFFFFFCC !important;}\u00a0\u00bb btn_clr=\u00a0\u00bb#FFFFFF\u00a0\u00bb url=\u00a0\u00bburl:https%3A%2F%2Fmap-dev.ch%2Fcornamusaz-backup%2Fgestion-de-fortune-privee%2F|title:Gestion%20de%20fortune%20priv%C3%A9e\u00a0\u00bb classname=\u00a0\u00bbinfo\u00a0\u00bb btn_hvrclr=\u00a0\u00bb#283745&Prime; btn_hvrbg=\u00a0\u00bb#FFFFFF\u00a0\u00bb] Gestion de fortune [&hellip;]\" \/>\n<meta property=\"og:url\" content=\"https:\/\/map-dev.ch\/cornamusaz-backup\/\" \/>\n<meta property=\"og:site_name\" content=\"Cornamusaz Finance SA\" \/>\n<meta property=\"article:modified_time\" content=\"2024-10-15T08:40:49+00:00\" \/>\n<meta name=\"twitter:card\" content=\"summary_large_image\" \/>\n<meta name=\"twitter:label1\" content=\"Dur\u00e9e de lecture estim\u00e9e\" \/>\n\t<meta name=\"twitter:data1\" content=\"3 minutes\" \/>\n<script type=\"application\/ld+json\" class=\"yoast-schema-graph\">{\"@context\":\"https:\/\/schema.org\",\"@graph\":[{\"@type\":\"WebPage\",\"@id\":\"https:\/\/map-dev.ch\/cornamusaz-backup\/\",\"url\":\"https:\/\/map-dev.ch\/cornamusaz-backup\/\",\"name\":\"Home page | Cornamusaz Finance SA\",\"isPartOf\":{\"@id\":\"https:\/\/map-dev.ch\/cornamusaz-backup\/#website\"},\"datePublished\":\"2018-10-03T09:32:37+00:00\",\"dateModified\":\"2024-10-15T08:40:49+00:00\",\"breadcrumb\":{\"@id\":\"https:\/\/map-dev.ch\/cornamusaz-backup\/#breadcrumb\"},\"inLanguage\":\"fr-FR\",\"potentialAction\":[{\"@type\":\"ReadAction\",\"target\":[\"https:\/\/map-dev.ch\/cornamusaz-backup\/\"]}]},{\"@type\":\"BreadcrumbList\",\"@id\":\"https:\/\/map-dev.ch\/cornamusaz-backup\/#breadcrumb\",\"itemListElement\":[{\"@type\":\"ListItem\",\"position\":1,\"name\":\"Accueil\",\"item\":\"https:\/\/map-dev.ch\/cornamusaz-backup\/\"},{\"@type\":\"ListItem\",\"position\":2,\"name\":\"Home page\"}]},{\"@type\":\"WebSite\",\"@id\":\"https:\/\/map-dev.ch\/cornamusaz-backup\/#website\",\"url\":\"https:\/\/map-dev.ch\/cornamusaz-backup\/\",\"name\":\"Cornamusaz Finance SA\",\"description\":\"Au service de nos clients\",\"publisher\":{\"@id\":\"https:\/\/map-dev.ch\/cornamusaz-backup\/#organization\"},\"potentialAction\":[{\"@type\":\"SearchAction\",\"target\":{\"@type\":\"EntryPoint\",\"urlTemplate\":\"https:\/\/map-dev.ch\/cornamusaz-backup\/?s={search_term_string}\"},\"query-input\":{\"@type\":\"PropertyValueSpecification\",\"valueRequired\":true,\"valueName\":\"search_term_string\"}}],\"inLanguage\":\"fr-FR\"},{\"@type\":\"Organization\",\"@id\":\"https:\/\/map-dev.ch\/cornamusaz-backup\/#organization\",\"name\":\"Cornamusaz Finance SA\",\"url\":\"https:\/\/map-dev.ch\/cornamusaz-backup\/\",\"logo\":{\"@type\":\"ImageObject\",\"inLanguage\":\"fr-FR\",\"@id\":\"https:\/\/map-dev.ch\/cornamusaz-backup\/#\/schema\/logo\/image\/\",\"url\":\"https:\/\/map-dev.ch\/cornamusaz-backup\/wp-content\/uploads\/2018\/10\/Cornamusaz_Logo_positif.svg\",\"contentUrl\":\"https:\/\/map-dev.ch\/cornamusaz-backup\/wp-content\/uploads\/2018\/10\/Cornamusaz_Logo_positif.svg\",\"caption\":\"Cornamusaz Finance SA\"},\"image\":{\"@id\":\"https:\/\/map-dev.ch\/cornamusaz-backup\/#\/schema\/logo\/image\/\"}}]}<\/script>\n<!-- \/ Yoast SEO plugin. -->","yoast_head_json":{"title":"Home page | Cornamusaz Finance SA","robots":{"index":"noindex","follow":"follow","max-snippet":"max-snippet:-1","max-image-preview":"max-image-preview:large","max-video-preview":"max-video-preview:-1"},"og_locale":"fr_FR","og_type":"article","og_title":"Home page | Cornamusaz Finance SA","og_description":"[vc_row full_width=\u00a0\u00bbstretch_row_content\u00a0\u00bb][vc_column width=\u00a0\u00bb1\/2&Prime; css=\u00a0\u00bb.vc_custom_1727872016402{padding-bottom: 20px !important;}\u00a0\u00bb][vc_row_inner equal_height=\u00a0\u00bbyes\u00a0\u00bb content_placement=\u00a0\u00bbmiddle\u00a0\u00bb css=\u00a0\u00bb.vc_custom_1727871913118{background-color: #FFFFFF !important;}\u00a0\u00bb][vc_column_inner el_class=\u00a0\u00bbbanner\u00a0\u00bb css=\u00a0\u00bb.vc_custom_1728554762050{background-image: url(https:\/\/map-dev.ch\/cornamusaz-backup\/wp-content\/uploads\/2024\/10\/ville.jpg?id=660) !important;background-position: center !important;background-repeat: no-repeat !important;background-size: cover !important;}\u00a0\u00bb el_id=\u00a0\u00bbbackground-resize\u00a0\u00bb][info_banner_vc text_padding=\u00a0\u00bb\u00a0\u00bb use_theme_fonts=\u00a0\u00bbyes\u00a0\u00bb border_style=\u00a0\u00bb2px solid #283745&Prime; btn_text=\u00a0\u00bbNos services\u00a0\u00bb btn_bg=\u00a0\u00bb#283745&Prime; css=\u00a0\u00bb.vc_custom_1727786083686{margin-right: 50px !important;margin-bottom: 50px !important;margin-left: 50px !important;padding-top: 25px !important;padding-right: 25px !important;padding-bottom: 25px !important;padding-left: 25px !important;background-color: #FFFFFFCC !important;}\u00a0\u00bb btn_clr=\u00a0\u00bb#FFFFFF\u00a0\u00bb url=\u00a0\u00bburl:https%3A%2F%2Fmap-dev.ch%2Fcornamusaz-backup%2Fgestion-de-fortune-privee%2F|title:Gestion%20de%20fortune%20priv%C3%A9e\u00a0\u00bb classname=\u00a0\u00bbinfo\u00a0\u00bb btn_hvrclr=\u00a0\u00bb#283745&Prime; btn_hvrbg=\u00a0\u00bb#FFFFFF\u00a0\u00bb] Gestion de fortune [&hellip;]","og_url":"https:\/\/map-dev.ch\/cornamusaz-backup\/","og_site_name":"Cornamusaz Finance SA","article_modified_time":"2024-10-15T08:40:49+00:00","twitter_card":"summary_large_image","twitter_misc":{"Dur\u00e9e de lecture estim\u00e9e":"3 minutes"},"schema":{"@context":"https:\/\/schema.org","@graph":[{"@type":"WebPage","@id":"https:\/\/map-dev.ch\/cornamusaz-backup\/","url":"https:\/\/map-dev.ch\/cornamusaz-backup\/","name":"Home page | Cornamusaz Finance SA","isPartOf":{"@id":"https:\/\/map-dev.ch\/cornamusaz-backup\/#website"},"datePublished":"2018-10-03T09:32:37+00:00","dateModified":"2024-10-15T08:40:49+00:00","breadcrumb":{"@id":"https:\/\/map-dev.ch\/cornamusaz-backup\/#breadcrumb"},"inLanguage":"fr-FR","potentialAction":[{"@type":"ReadAction","target":["https:\/\/map-dev.ch\/cornamusaz-backup\/"]}]},{"@type":"BreadcrumbList","@id":"https:\/\/map-dev.ch\/cornamusaz-backup\/#breadcrumb","itemListElement":[{"@type":"ListItem","position":1,"name":"Accueil","item":"https:\/\/map-dev.ch\/cornamusaz-backup\/"},{"@type":"ListItem","position":2,"name":"Home page"}]},{"@type":"WebSite","@id":"https:\/\/map-dev.ch\/cornamusaz-backup\/#website","url":"https:\/\/map-dev.ch\/cornamusaz-backup\/","name":"Cornamusaz Finance SA","description":"Au service de nos clients","publisher":{"@id":"https:\/\/map-dev.ch\/cornamusaz-backup\/#organization"},"potentialAction":[{"@type":"SearchAction","target":{"@type":"EntryPoint","urlTemplate":"https:\/\/map-dev.ch\/cornamusaz-backup\/?s={search_term_string}"},"query-input":{"@type":"PropertyValueSpecification","valueRequired":true,"valueName":"search_term_string"}}],"inLanguage":"fr-FR"},{"@type":"Organization","@id":"https:\/\/map-dev.ch\/cornamusaz-backup\/#organization","name":"Cornamusaz Finance SA","url":"https:\/\/map-dev.ch\/cornamusaz-backup\/","logo":{"@type":"ImageObject","inLanguage":"fr-FR","@id":"https:\/\/map-dev.ch\/cornamusaz-backup\/#\/schema\/logo\/image\/","url":"https:\/\/map-dev.ch\/cornamusaz-backup\/wp-content\/uploads\/2018\/10\/Cornamusaz_Logo_positif.svg","contentUrl":"https:\/\/map-dev.ch\/cornamusaz-backup\/wp-content\/uploads\/2018\/10\/Cornamusaz_Logo_positif.svg","caption":"Cornamusaz Finance SA"},"image":{"@id":"https:\/\/map-dev.ch\/cornamusaz-backup\/#\/schema\/logo\/image\/"}}]}},"_links":{"self":[{"href":"https:\/\/map-dev.ch\/cornamusaz-backup\/wp-json\/wp\/v2\/pages\/10"}],"collection":[{"href":"https:\/\/map-dev.ch\/cornamusaz-backup\/wp-json\/wp\/v2\/pages"}],"about":[{"href":"https:\/\/map-dev.ch\/cornamusaz-backup\/wp-json\/wp\/v2\/types\/page"}],"author":[{"embeddable":true,"href":"https:\/\/map-dev.ch\/cornamusaz-backup\/wp-json\/wp\/v2\/users\/1"}],"replies":[{"embeddable":true,"href":"https:\/\/map-dev.ch\/cornamusaz-backup\/wp-json\/wp\/v2\/comments?post=10"}],"version-history":[{"count":228,"href":"https:\/\/map-dev.ch\/cornamusaz-backup\/wp-json\/wp\/v2\/pages\/10\/revisions"}],"predecessor-version":[{"id":673,"href":"https:\/\/map-dev.ch\/cornamusaz-backup\/wp-json\/wp\/v2\/pages\/10\/revisions\/673"}],"wp:attachment":[{"href":"https:\/\/map-dev.ch\/cornamusaz-backup\/wp-json\/wp\/v2\/media?parent=10"}],"curies":[{"name":"wp","href":"https:\/\/api.w.org\/{rel}","templated":true}]}}